{"id":22,"date":"2015-04-05T13:24:34","date_gmt":"2015-04-05T11:24:34","guid":{"rendered":"http:\/\/stone-magnet.com\/?page_id=22"},"modified":"2019-03-27T10:01:20","modified_gmt":"2019-03-27T09:01:20","slug":"home","status":"publish","type":"page","link":"https:\/\/stone-magnet.com\/sl\/","title":{"rendered":"Spo\u0161tovani bodo\u010di poslovni partnerji,"},"content":{"rendered":"dovolite nam, da se vam predstavimo. Smo dru\u017einsko podjetje, ki se \u017ee pet let ukvarja z ro\u010dno izdelavo spominkov na Mad\u017earskem. Na\u0161i najbolj popularni izdelki so magnetki za hladilnike, ki so izdelani iz naravnih surovin (apnenec, re\u010dnih kamen\u010dkov in odpadlih smrekovih vej) s katerimi smo prijetno presenetili zbiraletelje magnetkov. Na\u0161a ponudba je prinesla nove barve v samo turisti\u010dno ponudbo na Mad\u017earskem.<\/p>\n<p>Na\u0161 cilj je ohraniti celovitost na\u0161ih izdelkov z edinstveno ponudbo v zadovoljstvo na\u0161ih partnerjev, saj \u017eelimo zagotoviti dostavo le izbranim prodajalnam. Bilo bi nam v \u010dast, \u010de bi se odlo\u010dili za nas kot izbranega partnerja za dobavo ro\u010dno izdelanih turisti\u010dnih spominkov.<\/p>\n<p>Oglejte si na\u0161o ponudbo.<\/p>\n<p>V pri\u010dakovanju va\u0161ega odgovora vas lepo pozdravljamo","protected":false},"excerpt":{"rendered":"<p>dovolite nam, da se vam predstavimo. Smo dru\u017einsko podjetje, ki se \u017ee pet let ukvarja z ro\u010dno izdelavo spominkov na Mad\u017earskem. Na\u0161i najbolj popularni izdelki so magnetki za hladilnike, ki so izdelani iz naravnih surovin (apnenec, re\u010dnih kamen\u010dkov in odpadlih smrekovih vej) s katerimi smo prijetno presenetili zbiraletelje magnetkov. Na\u0161a[&#8230;]<\/p>\n","protected":false},"author":1,"featured_media":0,"parent":0,"menu_order":0,"comment_status":"closed","ping_status":"closed","template":"template-frontpage.php","meta":{"footnotes":""},"class_list":["post-22","page","type-page","status-publish","hentry"],"_links":{"self":[{"href":"https:\/\/stone-magnet.com\/sl\/wp-json\/wp\/v2\/pages\/22","targetHints":{"allow":["GET"]}}],"collection":[{"href":"https:\/\/stone-magnet.com\/sl\/wp-json\/wp\/v2\/pages"}],"about":[{"href":"https:\/\/stone-magnet.com\/sl\/wp-json\/wp\/v2\/types\/page"}],"author":[{"embeddable":true,"href":"https:\/\/stone-magnet.com\/sl\/wp-json\/wp\/v2\/users\/1"}],"replies":[{"embeddable":true,"href":"https:\/\/stone-magnet.com\/sl\/wp-json\/wp\/v2\/comments?post=22"}],"version-history":[{"count":1,"href":"https:\/\/stone-magnet.com\/sl\/wp-json\/wp\/v2\/pages\/22\/revisions"}],"predecessor-version":[{"id":1398,"href":"https:\/\/stone-magnet.com\/sl\/wp-json\/wp\/v2\/pages\/22\/revisions\/1398"}],"wp:attachment":[{"href":"https:\/\/stone-magnet.com\/sl\/wp-json\/wp\/v2\/media?parent=22"}],"curies":[{"name":"wp","href":"https:\/\/api.w.org\/{rel}","templated":true}]}}