{"id":1417,"date":"2024-05-03T21:08:05","date_gmt":"2024-05-03T19:08:05","guid":{"rendered":"https:\/\/stone-magnet.com\/?page_id=1417"},"modified":"2024-05-03T21:09:11","modified_gmt":"2024-05-03T19:09:11","slug":"impressum","status":"publish","type":"page","link":"https:\/\/stone-magnet.com\/sl\/impressum\/","title":{"rendered":"Impressum"},"content":{"rendered":"\n<p><strong>Kereszt-M\u00e9dia Ltd.<\/strong><\/p>\n\n\n\n<p>Headquater: H-7627 P\u00e9cs, Beseny\u0151 u. 3., Hungary<\/p>\n\n\n\n<p>Postal address: H-7627 P\u00e9cs, Kun u. 6\/6, Hungary<\/p>\n\n\n\n<p>TAX-Nr: 23179842-2-02<\/p>\n\n\n\n<p>E-mail: info@kereszt-media.hu<\/p>\n\n\n\n<p>CEO: N\u00e1ndor Balog<strong> \u00a0<\/strong><\/p>\n\n\n\n<p>Mobile:+36 70\/634 19 59<\/p>\n","protected":false},"excerpt":{"rendered":"<p>Kereszt-M\u00e9dia Ltd. Headquater: H-7627 P\u00e9cs, Beseny\u0151 u. 3., Hungary Postal address: H-7627 P\u00e9cs, Kun u. 6\/6, Hungary TAX-Nr: 23179842-2-02 E-mail: info@kereszt-media.hu CEO: N\u00e1ndor Balog \u00a0 Mobile:+36 70\/634 19 59<\/p>\n","protected":false},"author":1,"featured_media":0,"parent":0,"menu_order":0,"comment_status":"closed","ping_status":"closed","template":"","meta":{"footnotes":""},"class_list":["post-1417","page","type-page","status-publish","hentry"],"_links":{"self":[{"href":"https:\/\/stone-magnet.com\/sl\/wp-json\/wp\/v2\/pages\/1417","targetHints":{"allow":["GET"]}}],"collection":[{"href":"https:\/\/stone-magnet.com\/sl\/wp-json\/wp\/v2\/pages"}],"about":[{"href":"https:\/\/stone-magnet.com\/sl\/wp-json\/wp\/v2\/types\/page"}],"author":[{"embeddable":true,"href":"https:\/\/stone-magnet.com\/sl\/wp-json\/wp\/v2\/users\/1"}],"replies":[{"embeddable":true,"href":"https:\/\/stone-magnet.com\/sl\/wp-json\/wp\/v2\/comments?post=1417"}],"version-history":[{"count":1,"href":"https:\/\/stone-magnet.com\/sl\/wp-json\/wp\/v2\/pages\/1417\/revisions"}],"predecessor-version":[{"id":1420,"href":"https:\/\/stone-magnet.com\/sl\/wp-json\/wp\/v2\/pages\/1417\/revisions\/1420"}],"wp:attachment":[{"href":"https:\/\/stone-magnet.com\/sl\/wp-json\/wp\/v2\/media?parent=1417"}],"curies":[{"name":"wp","href":"https:\/\/api.w.org\/{rel}","templated":true}]}}