{"id":22,"date":"2015-04-05T13:24:34","date_gmt":"2015-04-05T11:24:34","guid":{"rendered":"http:\/\/stone-magnet.com\/?page_id=22"},"modified":"2019-03-27T10:01:20","modified_gmt":"2019-03-27T09:01:20","slug":"home","status":"publish","type":"page","link":"https:\/\/stone-magnet.com\/sk\/","title":{"rendered":"V\u00e1\u017een\u00fd bud\u00faci partner!"},"content":{"rendered":"Dovo\u013ete mi, aby som V\u00e1m predtsavil na\u0161u firmu.\u00a0 Na\u0161a rodinn\u00e1 firma u\u017e piaty rok\u00a0 sa zaober\u00e1 s ru\u010dne vyroben\u00fdmi dar\u010dekov\u00edmy predmetmi v\u00a0Ma\u010farsku. Najobl\u00fabenej\u0161ie produkty s\u00fa dar\u010dekov\u00e9 magnetky, ktor\u00e9 sa vyr\u00e1baj\u00fa z\u00a0prirodzen\u00fdch surov\u00edn, ako v\u00e1penec, pl\u00e1tky zo smrekov\u00e9ho kon\u00e1ra a\u00a0rie\u010dn\u00fd kame\u0148. Tieto mil\u00e9 dar\u010deky pr\u00edjemne prekvapia v\u0161etk\u00fdch zberate\u013eov magnetiek.<br \/>\nTieto produkty s\u00fa novinkou na Slovenskom trhu.<br \/>\nNa\u0161\u00edm cie\u013eom je udr\u017eia\u0165 jedine\u010dnos\u0165 a\u00a0vyhovie\u0165 nov\u00fdm partnerom a\u00a0ich predstav\u00e1m, a\u00a0z\u00a0tohoto d\u00f4vodu chceme na\u0161e produkty dod\u00e1va\u0165\u00a0 len pre ozajstn\u00fdch z\u00e1ujemcov.<br \/>\nBolo by pre n\u00e1s c\u0165ou, keby ste aj Vy patrili k\u00a0na\u0161im partnerom.<br \/>\nPros\u00edm pozrite si n\u00e1\u0161 sortiment.<br \/>\nAk V\u00e1s na\u0161a ponuka zaujala, s\u00a0rados\u0165ou vyhovieme V\u00e1\u0161mu z\u00e1ujmu.","protected":false},"excerpt":{"rendered":"<p>Dovo\u013ete mi, aby som V\u00e1m predtsavil na\u0161u firmu.\u00a0 Na\u0161a rodinn\u00e1 firma u\u017e piaty rok\u00a0 sa zaober\u00e1 s ru\u010dne vyroben\u00fdmi dar\u010dekov\u00edmy predmetmi v\u00a0Ma\u010farsku. Najobl\u00fabenej\u0161ie produkty s\u00fa dar\u010dekov\u00e9 magnetky, ktor\u00e9 sa vyr\u00e1baj\u00fa z\u00a0prirodzen\u00fdch surov\u00edn, ako v\u00e1penec, pl\u00e1tky zo smrekov\u00e9ho kon\u00e1ra a\u00a0rie\u010dn\u00fd kame\u0148. Tieto mil\u00e9 dar\u010deky pr\u00edjemne prekvapia v\u0161etk\u00fdch zberate\u013eov magnetiek. Tieto produkty[&#8230;]<\/p>\n","protected":false},"author":1,"featured_media":0,"parent":0,"menu_order":0,"comment_status":"closed","ping_status":"closed","template":"template-frontpage.php","meta":{"footnotes":""},"class_list":["post-22","page","type-page","status-publish","hentry"],"_links":{"self":[{"href":"https:\/\/stone-magnet.com\/sk\/wp-json\/wp\/v2\/pages\/22","targetHints":{"allow":["GET"]}}],"collection":[{"href":"https:\/\/stone-magnet.com\/sk\/wp-json\/wp\/v2\/pages"}],"about":[{"href":"https:\/\/stone-magnet.com\/sk\/wp-json\/wp\/v2\/types\/page"}],"author":[{"embeddable":true,"href":"https:\/\/stone-magnet.com\/sk\/wp-json\/wp\/v2\/users\/1"}],"replies":[{"embeddable":true,"href":"https:\/\/stone-magnet.com\/sk\/wp-json\/wp\/v2\/comments?post=22"}],"version-history":[{"count":1,"href":"https:\/\/stone-magnet.com\/sk\/wp-json\/wp\/v2\/pages\/22\/revisions"}],"predecessor-version":[{"id":1398,"href":"https:\/\/stone-magnet.com\/sk\/wp-json\/wp\/v2\/pages\/22\/revisions\/1398"}],"wp:attachment":[{"href":"https:\/\/stone-magnet.com\/sk\/wp-json\/wp\/v2\/media?parent=22"}],"curies":[{"name":"wp","href":"https:\/\/api.w.org\/{rel}","templated":true}]}}