{"id":22,"date":"2015-04-05T13:24:34","date_gmt":"2015-04-05T11:24:34","guid":{"rendered":"http:\/\/stone-magnet.com\/?page_id=22"},"modified":"2019-03-27T10:01:20","modified_gmt":"2019-03-27T09:01:20","slug":"home","status":"publish","type":"page","link":"https:\/\/stone-magnet.com\/it\/","title":{"rendered":"Gentile futuro Cliente,"},"content":{"rendered":"mi permetta di presentare la nostra azienda. La nostra attivit\u00e0 familiare \u00e8 presente ormai da\u00a0 5 anni al mercato ungherese con articoli di regalo fatti a mano.<br \/>\nPer introdurre i nostri prodotti in Italia si \u00e8 offerto una nostra societ\u00e0 cooperante, che ha dietro di s\u00e8 pi\u00f9 di 10 anni di esperienza sul mercato italiano.<br \/>\nI nostri articoli pi\u00f9 ricercati sono calamite per frigorifero,che sono state realizzate di materie naturali come: pietra calcaria, pino,sassi di fiume. I nostri prodotti hanno portato nuovo colore al mercato del turismo con la qualit\u00e0 &#8220;premium&#8221; ,con la loro originalit\u00e0 sono molto apprezzate dai fornitori\u00a0 e\u00a0 altrettanto dai clienti.<br \/>\nSperiamo che i nostri articoli suscitano interesse e piacere anche per la vostra clientela. \u00c9 nostra intenzione di conservare l\u2019integrit\u00e0 dei nostri prodotti e l\u2019unicit\u00e0 della scelta, per accontentare i nostri clienti, abbiamo intenzione di avere contatti solo con clientela selezionata.<br \/>\nSaremmo onorati di avere anche Voi tra i nostri clienti.<\/p>\n<p>Le preghiamo di visitare i nostri articoli.<br \/>\nAspettiamo con gentilezza Vostro interessamento nei nostri confronti.","protected":false},"excerpt":{"rendered":"<p>mi permetta di presentare la nostra azienda. La nostra attivit\u00e0 familiare \u00e8 presente ormai da\u00a0 5 anni al mercato ungherese con articoli di regalo fatti a mano. Per introdurre i nostri prodotti in Italia si \u00e8 offerto una nostra societ\u00e0 cooperante, che ha dietro di s\u00e8 pi\u00f9 di 10 anni[&#8230;]<\/p>\n","protected":false},"author":1,"featured_media":0,"parent":0,"menu_order":0,"comment_status":"closed","ping_status":"closed","template":"template-frontpage.php","meta":{"footnotes":""},"class_list":["post-22","page","type-page","status-publish","hentry"],"_links":{"self":[{"href":"https:\/\/stone-magnet.com\/it\/wp-json\/wp\/v2\/pages\/22","targetHints":{"allow":["GET"]}}],"collection":[{"href":"https:\/\/stone-magnet.com\/it\/wp-json\/wp\/v2\/pages"}],"about":[{"href":"https:\/\/stone-magnet.com\/it\/wp-json\/wp\/v2\/types\/page"}],"author":[{"embeddable":true,"href":"https:\/\/stone-magnet.com\/it\/wp-json\/wp\/v2\/users\/1"}],"replies":[{"embeddable":true,"href":"https:\/\/stone-magnet.com\/it\/wp-json\/wp\/v2\/comments?post=22"}],"version-history":[{"count":1,"href":"https:\/\/stone-magnet.com\/it\/wp-json\/wp\/v2\/pages\/22\/revisions"}],"predecessor-version":[{"id":1398,"href":"https:\/\/stone-magnet.com\/it\/wp-json\/wp\/v2\/pages\/22\/revisions\/1398"}],"wp:attachment":[{"href":"https:\/\/stone-magnet.com\/it\/wp-json\/wp\/v2\/media?parent=22"}],"curies":[{"name":"wp","href":"https:\/\/api.w.org\/{rel}","templated":true}]}}