{"id":22,"date":"2015-04-05T13:24:34","date_gmt":"2015-04-05T11:24:34","guid":{"rendered":"http:\/\/stone-magnet.com\/?page_id=22"},"modified":"2019-03-27T10:01:20","modified_gmt":"2019-03-27T09:01:20","slug":"home","status":"publish","type":"page","link":"https:\/\/stone-magnet.com\/hr\/","title":{"rendered":"Po\u0161tovani budu\u0107i partneru,"},"content":{"rendered":"dopustite nam da Vam predstavimo na\u0161u tvrtku. Na\u0161 obiteljski posao radi ve\u0107 pet godina na tr\u017ei\u0161tu ru\u010dno ra\u0111enih suvenira u Ma\u0111arskoj. Na\u0161i najpopularniji proizvodi su magneti za hladnjake, koji su izra\u0111eni od prirodnih sirovina (vapnenac, rije\u010dni \u0161ljunak i borova grana), \u010dime smo ugodno iznenadili kolekcionare magneta za hladnjake. Na\u0161om ponudom smo dali novu boju paleti turisti\u010dke ponude u Ma\u0111arskoj.<\/p>\n<p>Na\u0161 cilj je odr\u017eavati integritet na\u0161ih proizvoda uz jedinstveni asortiman na zadovoljstvo na\u0161ih partnera, zato \u017eelimo dostavljati samo odabranim trgovinama. Bila bi nam \u010dast i Vas imati za partnera.<\/p>\n<p>Molimo Vas, pogledajte na\u0161u ponudu!<\/p>\n<p>S po\u0161tovanjem o\u010dekujemo va\u0161e javljanje.","protected":false},"excerpt":{"rendered":"<p>dopustite nam da Vam predstavimo na\u0161u tvrtku. Na\u0161 obiteljski posao radi ve\u0107 pet godina na tr\u017ei\u0161tu ru\u010dno ra\u0111enih suvenira u Ma\u0111arskoj. Na\u0161i najpopularniji proizvodi su magneti za hladnjake, koji su izra\u0111eni od prirodnih sirovina (vapnenac, rije\u010dni \u0161ljunak i borova grana), \u010dime smo ugodno iznenadili kolekcionare magneta za hladnjake. Na\u0161om ponudom[&#8230;]<\/p>\n","protected":false},"author":1,"featured_media":0,"parent":0,"menu_order":0,"comment_status":"closed","ping_status":"closed","template":"template-frontpage.php","meta":{"footnotes":""},"class_list":["post-22","page","type-page","status-publish","hentry"],"_links":{"self":[{"href":"https:\/\/stone-magnet.com\/hr\/wp-json\/wp\/v2\/pages\/22","targetHints":{"allow":["GET"]}}],"collection":[{"href":"https:\/\/stone-magnet.com\/hr\/wp-json\/wp\/v2\/pages"}],"about":[{"href":"https:\/\/stone-magnet.com\/hr\/wp-json\/wp\/v2\/types\/page"}],"author":[{"embeddable":true,"href":"https:\/\/stone-magnet.com\/hr\/wp-json\/wp\/v2\/users\/1"}],"replies":[{"embeddable":true,"href":"https:\/\/stone-magnet.com\/hr\/wp-json\/wp\/v2\/comments?post=22"}],"version-history":[{"count":1,"href":"https:\/\/stone-magnet.com\/hr\/wp-json\/wp\/v2\/pages\/22\/revisions"}],"predecessor-version":[{"id":1398,"href":"https:\/\/stone-magnet.com\/hr\/wp-json\/wp\/v2\/pages\/22\/revisions\/1398"}],"wp:attachment":[{"href":"https:\/\/stone-magnet.com\/hr\/wp-json\/wp\/v2\/media?parent=22"}],"curies":[{"name":"wp","href":"https:\/\/api.w.org\/{rel}","templated":true}]}}