{"id":22,"date":"2015-04-05T13:24:34","date_gmt":"2015-04-05T11:24:34","guid":{"rendered":"http:\/\/stone-magnet.com\/?page_id=22"},"modified":"2019-03-27T10:01:20","modified_gmt":"2019-03-27T09:01:20","slug":"home","status":"publish","type":"page","link":"https:\/\/stone-magnet.com\/de\/","title":{"rendered":"Lieber potenzielle Partner!"},"content":{"rendered":"Lassen Sie mich unsere Firma vorstellen. Unsere Familienunternehmen besch\u00e4ftigt sich seit f\u00fcnf Jahren an der Markt f\u00fcr handgefertigte Produkte. Unsere beliebteste Produkte sind die K\u00fchlschrankmagneten, die aus nat\u00fcrlichen Materialien hergestellt (Kalkstein, Kiefer und Kies) sind, damit der Sammler der K\u00fchlschrankmagneten eine angenehme \u00dcberraschung gewinnt. Mit unserem Angebot bringen wir eine neue Farbe an der ungarischen Tourismus-Markt. Unser Ziel ist, dass mit der Bewahrung der Einzigartigkeit unseren Produkten, auf der Zufriedenheit unseren Partnern unsere Auswahl mehrzufarbigen. Deshalb liefern wir nur in die ausgew\u00e4hlten Gesch\u00e4ften. Es w\u00e4re uns eine Ehre, wenn wir Sie auch eine von unseren Partnern w\u00e4ren.<\/p>\n<p>Bitte Schauen Sie unsere Angebot durch!<\/p>\n<p>Wir freuen uns auf Ihre Antwort mit Ehrfurcht!","protected":false},"excerpt":{"rendered":"<p>Lassen Sie mich unsere Firma vorstellen. Unsere Familienunternehmen besch\u00e4ftigt sich seit f\u00fcnf Jahren an der Markt f\u00fcr handgefertigte Produkte. Unsere beliebteste Produkte sind die K\u00fchlschrankmagneten, die aus nat\u00fcrlichen Materialien hergestellt (Kalkstein, Kiefer und Kies) sind, damit der Sammler der K\u00fchlschrankmagneten eine angenehme \u00dcberraschung gewinnt. Mit unserem Angebot bringen wir eine[&#8230;]<\/p>\n","protected":false},"author":1,"featured_media":0,"parent":0,"menu_order":0,"comment_status":"closed","ping_status":"closed","template":"template-frontpage.php","meta":{"footnotes":""},"class_list":["post-22","page","type-page","status-publish","hentry"],"_links":{"self":[{"href":"https:\/\/stone-magnet.com\/de\/wp-json\/wp\/v2\/pages\/22","targetHints":{"allow":["GET"]}}],"collection":[{"href":"https:\/\/stone-magnet.com\/de\/wp-json\/wp\/v2\/pages"}],"about":[{"href":"https:\/\/stone-magnet.com\/de\/wp-json\/wp\/v2\/types\/page"}],"author":[{"embeddable":true,"href":"https:\/\/stone-magnet.com\/de\/wp-json\/wp\/v2\/users\/1"}],"replies":[{"embeddable":true,"href":"https:\/\/stone-magnet.com\/de\/wp-json\/wp\/v2\/comments?post=22"}],"version-history":[{"count":1,"href":"https:\/\/stone-magnet.com\/de\/wp-json\/wp\/v2\/pages\/22\/revisions"}],"predecessor-version":[{"id":1398,"href":"https:\/\/stone-magnet.com\/de\/wp-json\/wp\/v2\/pages\/22\/revisions\/1398"}],"wp:attachment":[{"href":"https:\/\/stone-magnet.com\/de\/wp-json\/wp\/v2\/media?parent=22"}],"curies":[{"name":"wp","href":"https:\/\/api.w.org\/{rel}","templated":true}]}}